{"id":2289,"date":"2026-01-25T14:07:11","date_gmt":"2026-01-25T14:07:11","guid":{"rendered":"http:\/\/macacadesign.com\/index.php\/product\/elefanten-larry\/"},"modified":"2023-11-17T00:03:32","modified_gmt":"2023-11-17T00:03:32","slug":"larry-the-elephant","status":"publish","type":"product","link":"https:\/\/macacadesign.com\/sv\/index.php\/product\/larry-the-elephant\/","title":{"rendered":"LARRY THE ELEPHANT"},"content":{"rendered":"<p class=\"p1\"><span class=\"s1\"><b>LARRY THE ELEPHANT<br \/>\n<\/b><\/span><span class=\"s1\">Greppv\u00e4nlig bitring i silikon och tr\u00e4 som lindrar tandsprickning.<br \/>\n<\/span><span class=\"s1\">Silikonen \u00e4r av LFGB-standard och \u00e4r helt fri fr\u00e5n BPA och ftalater.<b><br \/>\n<\/b><\/span><\/p>\n<ul>\n<li class=\"p1\"><span class=\"s1\">Elefantdesign<span class=\"Apple-converted-space\"> <\/span><\/span><\/li>\n<li class=\"p2\"><span class=\"s1\">L\u00e4tt att greppa<span class=\"Apple-converted-space\"> <\/span><\/span><\/li>\n<li class=\"p2\"><span class=\"s1\">CE-m\u00e4rkt<span class=\"Apple-converted-space\"> <\/span><\/span><\/li>\n<\/ul>\n<p class=\"p1\"><span class=\"s1\"><b>Reng\u00f6ring och sk\u00f6tsel<br \/>\n<\/b>Reng\u00f6r med fuktig trasa.<br \/>\n<\/span><span class=\"s1\">Silikonen kan separeras fr\u00e5n tr\u00e4et vid reng\u00f6ring och kan steriliseras i kokande vatten.<\/span><\/p>\n<p class=\"p1\"><span class=\"s1\"><b>Material<br \/>\n<\/b>Obehandlat boktr\u00e4 och silikon av LFGB-standard.<\/span><\/p>\n<p class=\"p1\"><span class=\"s1\"><b>M\u00e5tt<br \/>\n<\/b>H\u00f6jd 1,7 CM, Bredd 8,5 CM, L\u00e4ngd 8 CM.<br \/>\nVikt 42 gram<\/span><\/p>\n","protected":false},"excerpt":{"rendered":"<p class=\"p1\"><span class=\"s1\"><b>BITRING AV TR\u00c4 OCH SILIKON<\/b><\/span><\/p>\n","protected":false},"featured_media":2154,"comment_status":"open","ping_status":"closed","template":"","meta":{"inline_featured_image":false,"site-sidebar-layout":"default","site-content-layout":"default","ast-site-content-layout":"default","site-content-style":"default","site-sidebar-style":"default","ast-global-header-display":"","ast-banner-title-visibility":"","ast-main-header-display":"","ast-hfb-above-header-display":"","ast-hfb-below-header-display":"","ast-hfb-mobile-header-display":"","site-post-title":"","ast-breadcrumbs-content":"","ast-featured-img":"","footer-sml-layout":"","theme-transparent-header-meta":"default","adv-header-id-meta":"","stick-header-meta":"","header-above-stick-meta":"","header-main-stick-meta":"","header-below-stick-meta":"","astra-migrate-meta-layouts":"default","ast-page-background-enabled":"default","ast-page-background-meta":{"desktop":{"background-color":"var(--ast-global-color-4)","background-image":"","background-repeat":"repeat","background-position":"center center","background-size":"auto","background-attachment":"scroll","background-type":"","background-media":"","overlay-type":"","overlay-color":"","overlay-opacity":"","overlay-gradient":""},"tablet":{"background-color":"","background-image":"","background-repeat":"repeat","background-position":"center center","background-size":"auto","background-attachment":"scroll","background-type":"","background-media":"","overlay-type":"","overlay-color":"","overlay-opacity":"","overlay-gradient":""},"mobile":{"background-color":"","background-image":"","background-repeat":"repeat","background-position":"center center","background-size":"auto","background-attachment":"scroll","background-type":"","background-media":"","overlay-type":"","overlay-color":"","overlay-opacity":"","overlay-gradient":""}},"ast-content-background-meta":{"desktop":{"background-color":"var(--ast-global-color-5)","background-image":"","background-repeat":"repeat","background-position":"center center","background-size":"auto","background-attachment":"scroll","background-type":"","background-media":"","overlay-type":"","overlay-color":"","overlay-opacity":"","overlay-gradient":""},"tablet":{"background-color":"var(--ast-global-color-5)","background-image":"","background-repeat":"repeat","background-position":"center center","background-size":"auto","background-attachment":"scroll","background-type":"","background-media":"","overlay-type":"","overlay-color":"","overlay-opacity":"","overlay-gradient":""},"mobile":{"background-color":"var(--ast-global-color-5)","background-image":"","background-repeat":"repeat","background-position":"center center","background-size":"auto","background-attachment":"scroll","background-type":"","background-media":"","overlay-type":"","overlay-color":"","overlay-opacity":"","overlay-gradient":""}},"_themeisle_gutenberg_block_has_review":false},"product_cat":[43],"product_tag":[],"class_list":{"0":"post-2289","1":"product","2":"type-product","3":"status-publish","4":"has-post-thumbnail","6":"product_cat-teether-sv","7":"desktop-align-left","8":"tablet-align-left","9":"mobile-align-left","11":"first","12":"outofstock","13":"taxable","14":"shipping-taxable","15":"purchasable","16":"product-type-simple"},"jetpack_sharing_enabled":true,"_links":{"self":[{"href":"https:\/\/macacadesign.com\/sv\/index.php\/wp-json\/wp\/v2\/product\/2289","targetHints":{"allow":["GET"]}}],"collection":[{"href":"https:\/\/macacadesign.com\/sv\/index.php\/wp-json\/wp\/v2\/product"}],"about":[{"href":"https:\/\/macacadesign.com\/sv\/index.php\/wp-json\/wp\/v2\/types\/product"}],"replies":[{"embeddable":true,"href":"https:\/\/macacadesign.com\/sv\/index.php\/wp-json\/wp\/v2\/comments?post=2289"}],"wp:featuredmedia":[{"embeddable":true,"href":"https:\/\/macacadesign.com\/sv\/index.php\/wp-json\/wp\/v2\/media\/2154"}],"wp:attachment":[{"href":"https:\/\/macacadesign.com\/sv\/index.php\/wp-json\/wp\/v2\/media?parent=2289"}],"wp:term":[{"taxonomy":"product_cat","embeddable":true,"href":"https:\/\/macacadesign.com\/sv\/index.php\/wp-json\/wp\/v2\/product_cat?post=2289"},{"taxonomy":"product_tag","embeddable":true,"href":"https:\/\/macacadesign.com\/sv\/index.php\/wp-json\/wp\/v2\/product_tag?post=2289"}],"curies":[{"name":"wp","href":"https:\/\/api.w.org\/{rel}","templated":true}]}}