{"id":2122,"date":"2022-10-10T17:57:23","date_gmt":"2022-10-10T17:57:23","guid":{"rendered":"http:\/\/macacadesign.com\/index.php\/policy-for-aterbetalning-och-returer\/"},"modified":"2022-11-02T19:27:56","modified_gmt":"2022-11-02T19:27:56","slug":"policy-for-aterbetalning-och-returer","status":"publish","type":"page","link":"https:\/\/macacadesign.com\/sv\/index.php\/om-oss\/policy-for-aterbetalning-och-returer\/","title":{"rendered":"K\u00f6pvillkor"},"content":{"rendered":"\t\t<div data-elementor-type=\"wp-page\" data-elementor-id=\"2122\" class=\"elementor elementor-2122 elementor-2117\">\n\t\t\t\t\t\t<section class=\"elementor-section elementor-top-section elementor-element elementor-element-46cdd818 elementor-section-boxed elementor-section-height-default elementor-section-height-default\" data-id=\"46cdd818\" data-element_type=\"section\">\n\t\t\t\t\t\t<div class=\"elementor-container elementor-column-gap-default\">\n\t\t\t\t\t<div class=\"elementor-column elementor-col-100 elementor-top-column elementor-element elementor-element-20f3d8a4\" data-id=\"20f3d8a4\" data-element_type=\"column\">\n\t\t\t<div class=\"elementor-widget-wrap elementor-element-populated\">\n\t\t\t\t\t\t<div class=\"elementor-element elementor-element-1e460f7 elementor-widget elementor-widget-heading\" data-id=\"1e460f7\" data-element_type=\"widget\" data-widget_type=\"heading.default\">\n\t\t\t\t<div class=\"elementor-widget-container\">\n\t\t\t<h2 class=\"elementor-heading-title elementor-size-default\">K\u00f6pvillkor<\/h2>\t\t<\/div>\n\t\t\t\t<\/div>\n\t\t\t\t<div class=\"elementor-element elementor-element-1ade7bd elementor-widget elementor-widget-text-editor\" data-id=\"1ade7bd\" data-element_type=\"widget\" data-widget_type=\"text-editor.default\">\n\t\t\t\t<div class=\"elementor-widget-container\">\n\t\t\t\t\t\t\t<p><\/p>\n<h3>Generell information<\/h3>\n<p><\/p>\n<p><\/p>\n<p>F\u00f6ljande k\u00f6pevillkor appliceras p\u00e5 samtliga produkter p\u00e5 webbsidan www.macacadesign.com,<br>tillh\u00f6rande EVT Trade AB. Mittf\u00e4ltsgatan 13, 169 41 Solna, Sverige.<\/p>\n<p><\/p>\n<p><\/p>\n<h3>K\u00f6p och betalning<\/h3>\n<p><\/p>\n<p><\/p>\n<p>Samtliga priser \u00e4r angivna inklusive svensk moms.<br>Vid k\u00f6p fr\u00e5n 300 kr ing\u00e5r fraktkostnad i k\u00f6pet n\u00e4r leverans sker inom Sverige. Vid k\u00f6p<br>under 300 kr tillkommer fraktkostnad.<br>Vid genomf\u00f6rt k\u00f6p s\u00e5 skickas en orderbekr\u00e4ftelse till din angivna<br>e-postadress. Bekr\u00e4ftelsen utg\u00f6r kvitto f\u00f6r det genomf\u00f6rda k\u00f6pet.<br>Om du \u00f6nskar \u00e4ndra eller avbest\u00e4lla ordern v\u00e4nligen kontakta oss snarast m\u00f6jligt p\u00e5<br>info@macacadesign.com. Uppge ditt ordernummer n\u00e4r du kontaktar oss. Du kan avbest\u00e4lla<br>din order utan kostnad fram tills best\u00e4llningen har behandlats.<\/p>\n<p><\/p>\n<p><\/p>\n<h3>Betals\u00e4tt<\/h3>\n<p><\/p>\n<p><\/p>\n<p>V\u00e5ra betalningar hanteras av v\u00e5rt betalpartner Klarna AB.<\/p>\n<p><\/p>\n<p><\/p>\n<h3>Frakt och leverans<\/h3>\n<p><\/p>\n<p><\/p>\n<p>Vid k\u00f6p fr\u00e5n 300 kr ing\u00e5r fraktkostnad i k\u00f6pet n\u00e4r leverans sker inom Sverige.<br>Vid k\u00f6p under 300 kr kommer den exakta fraktkostnaden att visas i kassan innan du l\u00e4gger<br>din order.<br>Din order skickas normalt inom 1-2 arbetsdagar. Normal leveranstid \u00e4r 1-3 dagar. F\u00f6rseningar kan<br>f\u00f6rekomma.<br>Ordrar skickas med Postnord AB och kommer till ditt n\u00e4rmaste Postnord utl\u00e4mningsst\u00e4lle. N\u00e4r<br>paketet finns att h\u00e4mta p\u00e5 utl\u00e4mningsst\u00e4llet f\u00e5r du ett SMS till det mobilnummer som du har<br>registrerat hos oss i samband med k\u00f6pet.<br>Paket ligger p\u00e5 utl\u00e4mningsst\u00e4llet i 14 dagar f\u00f6r uth\u00e4mtning , d\u00e4refter g\u00e5r det i<br>retur till oss.<br>Vid leveranser utanf\u00f6r EU kan tull, moms och lokala skatter tillkomma p\u00e5 din order. Alla<br>tillkommande kostnader vid leverans utanf\u00f6r EU betalas av mottagaren.<\/p>\n<p><\/p>\n<p><\/p>\n<h3>Ej uth\u00e4mtade paket<\/h3>\n<p><\/p>\n<p><\/p>\n<p>Paket som inte h\u00e4mtas ut efter 14 dagar p\u00e5 utl\u00e4mningsst\u00e4llet skickas i retur till oss. Vi f\u00f6rbeh\u00e5ller oss r\u00e4tten att<br>debitera kostnaderna f\u00f6r returfrakt samt den hantering som uppst\u00e5r vid ej uth\u00e4mtade paket. F\u00f6r detta tar vi<br>ut en avgift om 250 kr.<br><\/p>\n<p><\/p>\n<p><\/p>\n<h3>Skadat gods<\/h3>\n<p><\/p>\n<p><\/p>\n<p>Skulle paketet vara skadat vid leverans beh\u00f6ver du reklamera det direkt vid utl\u00e4mningsst\u00e4llet.<br>Detta ska g\u00f6ras i samband med att du h\u00e4mtar ut paketet. Vi uppmanar dig att ta bild p\u00e5 det skadade emballaget.<br>Skulle det vara n\u00e5got fel p\u00e5 den levererade produkten ska du kontakta oss omg\u00e5ende p\u00e5<br>info@macacadesign.com. Vi uppmanar dig att bifoga bilder som p\u00e5visar skadan. Ange<br>\u00e4ven ditt ordernummer.<br><\/p>\n<p><\/p>\n<p><\/p>\n<h3>Reklamation och retur<\/h3>\n<p><\/p>\n<p><\/p>\n<p>Du har alltid 14 dagars \u00e5ngerr\u00e4tt fr\u00e5n den dag du mottagit din f\u00f6rs\u00e4ndelse.<br>Varor som returneras ska skickas tillbaka i ursprungligt skick med oskadad f\u00f6rpackning. Ansvar<br>och kostnad f\u00f6r returfrakt ligger p\u00e5 kunden i enlighet med<br>Distans- och hemf\u00f6rs\u00e4ljningslagen (2005:59).<\/p>\n<p><\/p>\n<p><\/p>\n<h6>Returer utf\u00f6rs enligt nedan:<\/h6>\n<p><\/p>\n<p><\/p>\n<ol><p><\/p>\n<li>Mejla oss p\u00e5 info@macacadesign.com och uppge ditt ordernummer samt vilken eller<br>vilka produkter du \u00f6nskar returnera.<\/li>\n<p><\/p>\n<p><\/p>\n<li>Packa varan p\u00e5 ett s\u00e4kert s\u00e4tt s\u00e5 att produkten \u00e4r skyddad under<br>transporten. Skicka med f\u00f6ljesedeln eller en lapp d\u00e4r ditt namn och ordernummer framg\u00e5r.<\/li>\n<p><\/p>\n<p><\/p>\n<li class=\"ticss-1d2ea5f0\">Vi skickar en returetikett till dig p\u00e5 mejl som du f\u00e4ster p\u00e5 paketet.<\/li>\n<p><\/p>\n<p><\/p>\n<li>L\u00e4mna in paketet p\u00e5 postnord servicest\u00e4lle.<\/li>\n<p><\/p>\n<p><\/p>\n<li>N\u00e4r returen har kommit in till oss och behandlats, vanligtvis inom en vecka, \u00e5terbetalar vi<br>produktens v\u00e4rde till dig (vid kortbetalning) eller krediterar fakturan (vid fakturabetalning). Vi<br>drar av f\u00f6r den verkliga fraktkostnaden f\u00f6r returen, dock max 100 kr vid<br>retur inom Sverige.<\/li>\n<p><\/p><\/ol>\n<p><\/p>\n<p><\/p>\n<p><\/p><h3>Integritetspolicy<\/h3>Vi f\u00f6ljer EU:s dataskyddsf\u00f6rordning (GDPR).<br>N\u00e4r du genomf\u00f6rt din best\u00e4llning godk\u00e4nner du att vi lagrar och anv\u00e4nder dina personuppgifter i v\u00e5r<br>verksamhet f\u00f6r att p\u00e5 b\u00e4sta s\u00e4tt uppfylla v\u00e5ra \u00e5taganden gentemot dig.<br>De personuppgifter du l\u00e4mnar till oss kommer inte att vidarebefordras, s\u00e4ljas, bytas eller delas med andra<br>f\u00f6retag, organisationer eller privatpersoner utan ditt samtycke.<br>Vi skyddar dina uppgifter enligt GDPR och du har r\u00e4tt att f\u00e5 ta del av uppgifterna samt att f\u00e5 dessa<br>raderade om du \u00f6nskar.\n<p><\/p>\t\t\t\t\t\t<\/div>\n\t\t\t\t<\/div>\n\t\t\t\t\t<\/div>\n\t\t<\/div>\n\t\t\t\t\t<\/div>\n\t\t<\/section>\n\t\t\t\t<\/div>\n\t\t","protected":false},"excerpt":{"rendered":"<p>K\u00f6pvillkor Generell information F\u00f6ljande k\u00f6pevillkor appliceras p\u00e5 samtliga produkter p\u00e5 webbsidan www.macacadesign.com,tillh\u00f6rande EVT Trade AB. Mittf\u00e4ltsgatan 13, 169 41 Solna, [&hellip;]<\/p>\n","protected":false},"author":1,"featured_media":0,"parent":2277,"menu_order":0,"comment_status":"closed","ping_status":"closed","template":"","meta":{"inline_featured_image":false,"site-sidebar-layout":"default","site-content-layout":"","ast-site-content-layout":"","site-content-style":"default","site-sidebar-style":"default","ast-global-header-display":"","ast-banner-title-visibility":"","ast-main-header-display":"","ast-hfb-above-header-display":"","ast-hfb-below-header-display":"","ast-hfb-mobile-header-display":"","site-post-title":"disabled","ast-breadcrumbs-content":"","ast-featured-img":"","footer-sml-layout":"","theme-transparent-header-meta":"","adv-header-id-meta":"","stick-header-meta":"","header-above-stick-meta":"","header-main-stick-meta":"","header-below-stick-meta":"","astra-migrate-meta-layouts":"default","ast-page-background-enabled":"default","ast-page-background-meta":{"desktop":{"background-color":"var(--ast-global-color-4)","background-image":"","background-repeat":"repeat","background-position":"center center","background-size":"auto","background-attachment":"scroll","background-type":"","background-media":"","overlay-type":"","overlay-color":"","overlay-opacity":"","overlay-gradient":""},"tablet":{"background-color":"","background-image":"","background-repeat":"repeat","background-position":"center center","background-size":"auto","background-attachment":"scroll","background-type":"","background-media":"","overlay-type":"","overlay-color":"","overlay-opacity":"","overlay-gradient":""},"mobile":{"background-color":"","background-image":"","background-repeat":"repeat","background-position":"center center","background-size":"auto","background-attachment":"scroll","background-type":"","background-media":"","overlay-type":"","overlay-color":"","overlay-opacity":"","overlay-gradient":""}},"ast-content-background-meta":{"desktop":{"background-color":"var(--ast-global-color-5)","background-image":"","background-repeat":"repeat","background-position":"center center","background-size":"auto","background-attachment":"scroll","background-type":"","background-media":"","overlay-type":"","overlay-color":"","overlay-opacity":"","overlay-gradient":""},"tablet":{"background-color":"var(--ast-global-color-5)","background-image":"","background-repeat":"repeat","background-position":"center center","background-size":"auto","background-attachment":"scroll","background-type":"","background-media":"","overlay-type":"","overlay-color":"","overlay-opacity":"","overlay-gradient":""},"mobile":{"background-color":"var(--ast-global-color-5)","background-image":"","background-repeat":"repeat","background-position":"center center","background-size":"auto","background-attachment":"scroll","background-type":"","background-media":"","overlay-type":"","overlay-color":"","overlay-opacity":"","overlay-gradient":""}},"_themeisle_gutenberg_block_has_review":false,"footnotes":""},"class_list":["post-2122","page","type-page","status-publish","hentry"],"jetpack_sharing_enabled":true,"_links":{"self":[{"href":"https:\/\/macacadesign.com\/sv\/index.php\/wp-json\/wp\/v2\/pages\/2122","targetHints":{"allow":["GET"]}}],"collection":[{"href":"https:\/\/macacadesign.com\/sv\/index.php\/wp-json\/wp\/v2\/pages"}],"about":[{"href":"https:\/\/macacadesign.com\/sv\/index.php\/wp-json\/wp\/v2\/types\/page"}],"author":[{"embeddable":true,"href":"https:\/\/macacadesign.com\/sv\/index.php\/wp-json\/wp\/v2\/users\/1"}],"replies":[{"embeddable":true,"href":"https:\/\/macacadesign.com\/sv\/index.php\/wp-json\/wp\/v2\/comments?post=2122"}],"version-history":[{"count":8,"href":"https:\/\/macacadesign.com\/sv\/index.php\/wp-json\/wp\/v2\/pages\/2122\/revisions"}],"predecessor-version":[{"id":2417,"href":"https:\/\/macacadesign.com\/sv\/index.php\/wp-json\/wp\/v2\/pages\/2122\/revisions\/2417"}],"up":[{"embeddable":true,"href":"https:\/\/macacadesign.com\/sv\/index.php\/wp-json\/wp\/v2\/pages\/2277"}],"wp:attachment":[{"href":"https:\/\/macacadesign.com\/sv\/index.php\/wp-json\/wp\/v2\/media?parent=2122"}],"curies":[{"name":"wp","href":"https:\/\/api.w.org\/{rel}","templated":true}]}}